{"id":18658,"date":"2016-10-20T01:30:09","date_gmt":"2016-10-20T01:30:09","guid":{"rendered":"https:\/\/lebaroudeur.ca\/van-amenagee\/reservations\/"},"modified":"2026-04-22T09:25:27","modified_gmt":"2026-04-22T13:25:27","slug":"reservations","status":"publish","type":"page","link":"https:\/\/lebaroudeur.ca\/fr_fr\/van-amenagee\/reservations\/","title":{"rendered":"R\u00e9servation"},"content":{"rendered":"<p>[et_pb_section fb_built=\u00a0\u00bb1&Prime; _builder_version=\u00a0\u00bb4.27.5&Prime; _module_preset=\u00a0\u00bbdefault\u00a0\u00bb use_background_color_gradient=\u00a0\u00bbon\u00a0\u00bb background_color_gradient_direction=\u00a0\u00bb134deg\u00a0\u00bb background_color_gradient_stops=\u00a0\u00bbrgba(43,50,52,0.75) 60%|#ffffff 60%\u00a0\u00bb background_color_gradient_overlays_image=\u00a0\u00bbon\u00a0\u00bb background_color_gradient_start=\u00a0\u00bbrgba(43,50,52,0.75)\u00a0\u00bb background_color_gradient_start_position=\u00a0\u00bb60%\u00a0\u00bb background_color_gradient_end=\u00a0\u00bb#ffffff\u00a0\u00bb background_color_gradient_end_position=\u00a0\u00bb60%\u00a0\u00bb background_image=\u00a0\u00bbhttps:\/\/lebaroudeur.ca\/wp-content\/uploads\/2021\/04\/Remy-Ogez_2781-min.jpg\u00a0\u00bb background_blend=\u00a0\u00bbmultiply\u00a0\u00bb z_index=\u00a0\u00bb1&Prime; height=\u00a0\u00bb268px\u00a0\u00bb height_tablet=\u00a0\u00bb\u00a0\u00bb height_phone=\u00a0\u00bb210px\u00a0\u00bb height_last_edited=\u00a0\u00bbon|phone\u00a0\u00bb custom_margin=\u00a0\u00bb0px||0px||true|false\u00a0\u00bb custom_padding=\u00a0\u00bb1px||||false|false\u00a0\u00bb top_divider_color=\u00a0\u00bbrgba(43,50,52,0.3)\u00a0\u00bb top_divider_height=\u00a0\u00bb59vh\u00a0\u00bb animation_direction=\u00a0\u00bbright\u00a0\u00bb scroll_vertical_motion=\u00a0\u00bb0|66|66|100|4|0|-4&Prime; scroll_horizontal_motion=\u00a0\u00bb0|64|83|100|4|0|-4&Prime; scroll_fade=\u00a0\u00bb0|86|86|100|100%|100|30%\u00a0\u00bb scroll_blur=\u00a0\u00bb0|57|100|100|10|0|0&Prime; global_colors_info=\u00a0\u00bb{}\u00a0\u00bb][et_pb_row _builder_version=\u00a0\u00bb4.21.0&Prime; _module_preset=\u00a0\u00bbdefault\u00a0\u00bb width=\u00a0\u00bb0%\u00a0\u00bb max_width=\u00a0\u00bb0px\u00a0\u00bb custom_margin=\u00a0\u00bb0px||0px||false|false\u00a0\u00bb custom_padding=\u00a0\u00bb0px||0px||false|false\u00a0\u00bb global_colors_info=\u00a0\u00bb{}\u00a0\u00bb][et_pb_column type=\u00a0\u00bb4_4&Prime; _builder_version=\u00a0\u00bb4.21.0&Prime; _module_preset=\u00a0\u00bbdefault\u00a0\u00bb global_colors_info=\u00a0\u00bb{}\u00a0\u00bb][et_pb_code _builder_version=\u00a0\u00bb4.21.0&Prime; _module_preset=\u00a0\u00bbdefault\u00a0\u00bb min_height=\u00a0\u00bb27px\u00a0\u00bb global_colors_info=\u00a0\u00bb{}\u00a0\u00bb]<!-- Google tag (gtag.js) --><!-- [et_pb_line_break_holder] --><script async src=\"https:\/\/www.googletagmanager.com\/gtag\/js?id=AW-11206744124\"><\/script><!-- [et_pb_line_break_holder] --><script><!-- [et_pb_line_break_holder] -->  window.dataLayer = window.dataLayer || [];<!-- [et_pb_line_break_holder] -->  function gtag(){dataLayer.push(arguments);}<!-- [et_pb_line_break_holder] -->  gtag('js', new Date());<!-- [et_pb_line_break_holder] --><!-- [et_pb_line_break_holder] -->  gtag('config', 'AW-11206744124');<!-- [et_pb_line_break_holder] --><\/script><!-- [et_pb_line_break_holder] --><!-- Event snippet for Visite location remarketing page --><!-- [et_pb_line_break_holder] --><script><!-- [et_pb_line_break_holder] -->  gtag('event', 'conversion', {<!-- [et_pb_line_break_holder] -->      'send_to': 'AW-11206744124\/BotECNzIkKgYELyw5d8p',<!-- [et_pb_line_break_holder] -->      'value': 1.0,<!-- [et_pb_line_break_holder] -->      'currency': 'CAD',<!-- [et_pb_line_break_holder] -->      'aw_remarketing_only': true<!-- [et_pb_line_break_holder] -->  });<!-- [et_pb_line_break_holder] --><\/script>[\/et_pb_code][\/et_pb_column][\/et_pb_row][et_pb_row column_structure=\u00a0\u00bb3_4,1_4&Prime; use_custom_gutter=\u00a0\u00bbon\u00a0\u00bb gutter_width=\u00a0\u00bb1&Prime; make_equal=\u00a0\u00bbon\u00a0\u00bb custom_padding_last_edited=\u00a0\u00bbon|tablet\u00a0\u00bb _builder_version=\u00a0\u00bb4.16&Prime; _module_preset=\u00a0\u00bbdefault\u00a0\u00bb background_enable_color=\u00a0\u00bboff\u00a0\u00bb use_background_color_gradient=\u00a0\u00bbon\u00a0\u00bb background_color_gradient_direction=\u00a0\u00bb135deg\u00a0\u00bb background_color_gradient_stops=\u00a0\u00bbrgba(255,255,255,0.45) 70%|rgba(0,0,0,0) 70%\u00a0\u00bb background_color_gradient_start=\u00a0\u00bbrgba(255,255,255,0.45)\u00a0\u00bb background_color_gradient_start_position=\u00a0\u00bb70%\u00a0\u00bb background_color_gradient_end=\u00a0\u00bbrgba(0,0,0,0)\u00a0\u00bb background_color_gradient_end_position=\u00a0\u00bb70%\u00a0\u00bb width=\u00a0\u00bb100%\u00a0\u00bb max_width=\u00a0\u00bb100%\u00a0\u00bb custom_margin=\u00a0\u00bb||||true|false\u00a0\u00bb custom_padding=\u00a0\u00bb0px||0px|10vw|true|false\u00a0\u00bb custom_padding_tablet=\u00a0\u00bb2vw|||5vw|false|false\u00a0\u00bb custom_padding_phone=\u00a0\u00bb\u00a0\u00bb animation_style=\u00a0\u00bbslide\u00a0\u00bb animation_direction=\u00a0\u00bbleft\u00a0\u00bb global_colors_info=\u00a0\u00bb{}\u00a0\u00bb][et_pb_column type=\u00a0\u00bb3_4&Prime; _builder_version=\u00a0\u00bb4.16&Prime; _module_preset=\u00a0\u00bbdefault\u00a0\u00bb animation_style=\u00a0\u00bbslide\u00a0\u00bb animation_direction=\u00a0\u00bbleft\u00a0\u00bb global_colors_info=\u00a0\u00bb{}\u00a0\u00bb][et_pb_text _builder_version=\u00a0\u00bb4.27.0&Prime; text_line_height=\u00a0\u00bb1.8em\u00a0\u00bb header_2_font=\u00a0\u00bb|500||on|||||\u00a0\u00bb header_2_text_color=\u00a0\u00bb#2b3234&Prime; header_2_font_size=\u00a0\u00bb100px\u00a0\u00bb header_3_font=\u00a0\u00bb|600||on|||||\u00a0\u00bb custom_padding=\u00a0\u00bb1.5vw|5vw|1.5vw|2vw|true|false\u00a0\u00bb scroll_fade=\u00a0\u00bb0|70|70|100|0|100|20%\u00a0\u00bb header_font_size_tablet=\u00a0\u00bb68px\u00a0\u00bb header_font_size_phone=\u00a0\u00bb36px\u00a0\u00bb header_font_size_last_edited=\u00a0\u00bbon|tablet\u00a0\u00bb header_2_font_size_tablet=\u00a0\u00bb60px\u00a0\u00bb header_2_font_size_phone=\u00a0\u00bb40px\u00a0\u00bb header_2_font_size_last_edited=\u00a0\u00bbon|phone\u00a0\u00bb header_3_font_size_tablet=\u00a0\u00bb\u00a0\u00bb header_3_font_size_phone=\u00a0\u00bb18px\u00a0\u00bb header_3_font_size_last_edited=\u00a0\u00bbon|phone\u00a0\u00bb use_background_color_gradient_tablet=\u00a0\u00bboff\u00a0\u00bb locked=\u00a0\u00bboff\u00a0\u00bb global_colors_info=\u00a0\u00bb{}\u00a0\u00bb]<\/p>\n<h3>Calendrier des locations<\/h3>\n<h1>R\u00e9servations<\/h1>\n<h3>Location de van depuis Montr\u00e9al et la ville de Qu\u00e9bec<\/h3>\n<p>[\/et_pb_text][\/et_pb_column][et_pb_column type=\u00a0\u00bb1_4&Prime; _builder_version=\u00a0\u00bb4.16&Prime; _module_preset=\u00a0\u00bbdefault\u00a0\u00bb background_color_gradient_direction=\u00a0\u00bb360deg\u00a0\u00bb animation_style=\u00a0\u00bbslide\u00a0\u00bb animation_direction=\u00a0\u00bbright\u00a0\u00bb background_last_edited=\u00a0\u00bbon|phone\u00a0\u00bb use_background_color_gradient_tablet=\u00a0\u00bboff\u00a0\u00bb global_colors_info=\u00a0\u00bb{}\u00a0\u00bb][et_pb_divider show_divider=\u00a0\u00bboff\u00a0\u00bb _builder_version=\u00a0\u00bb4.16&Prime; _module_preset=\u00a0\u00bbdefault\u00a0\u00bb global_colors_info=\u00a0\u00bb{}\u00a0\u00bb][\/et_pb_divider][\/et_pb_column][\/et_pb_row][\/et_pb_section][et_pb_section fb_built=\u00a0\u00bb1&Prime; _builder_version=\u00a0\u00bb4.16&Prime; _module_preset=\u00a0\u00bbdefault\u00a0\u00bb global_colors_info=\u00a0\u00bb{}\u00a0\u00bb][et_pb_row _builder_version=\u00a0\u00bb4.27.5&Prime; _module_preset=\u00a0\u00bbdefault\u00a0\u00bb max_width=\u00a0\u00bb100%\u00a0\u00bb module_alignment=\u00a0\u00bbcenter\u00a0\u00bb custom_padding=\u00a0\u00bb1px|0px|1px|0px|false|false\u00a0\u00bb global_colors_info=\u00a0\u00bb{}\u00a0\u00bb][et_pb_column type=\u00a0\u00bb4_4&Prime; _builder_version=\u00a0\u00bb4.16&Prime; _module_preset=\u00a0\u00bbdefault\u00a0\u00bb global_colors_info=\u00a0\u00bb{}\u00a0\u00bb][et_pb_cta title=\u00a0\u00bbTu te trouves actuellement sur le calendrier de location estivale (vans am\u00e9nag\u00e9es)\u00a0\u00bb button_url=\u00a0\u00bbhttps:\/\/lebaroudeur.ca\/van-amenagee\/reservation-voitures-7-places\/\u00a0\u00bb button_text=\u00a0\u00bbLouer une voiture 7 places\u00a0\u00bb disabled_on=\u00a0\u00bbon|on|on\u00a0\u00bb _builder_version=\u00a0\u00bb4.21.0&Prime; _module_preset=\u00a0\u00bbdefault\u00a0\u00bb body_text_align=\u00a0\u00bbcenter\u00a0\u00bb body_font_size=\u00a0\u00bb18px\u00a0\u00bb background_color=\u00a0\u00bb#FFFFFF\u00a0\u00bb custom_button=\u00a0\u00bbon\u00a0\u00bb background_layout=\u00a0\u00bblight\u00a0\u00bb custom_padding=\u00a0\u00bb||||false|false\u00a0\u00bb custom_padding_tablet=\u00a0\u00bb|2vw||2vw|false|true\u00a0\u00bb custom_padding_phone=\u00a0\u00bb|||2vw|false|false\u00a0\u00bb custom_padding_last_edited=\u00a0\u00bbon|tablet\u00a0\u00bb header_font_size_tablet=\u00a0\u00bb20px\u00a0\u00bb header_font_size_phone=\u00a0\u00bb18px\u00a0\u00bb header_font_size_last_edited=\u00a0\u00bbon|phone\u00a0\u00bb body_font_size_tablet=\u00a0\u00bb16px\u00a0\u00bb body_font_size_phone=\u00a0\u00bb14px\u00a0\u00bb body_font_size_last_edited=\u00a0\u00bbon|phone\u00a0\u00bb border_width_all=\u00a0\u00bb5px\u00a0\u00bb border_color_all=\u00a0\u00bb#CEC163&Prime; box_shadow_style=\u00a0\u00bbpreset1&Prime; disabled=\u00a0\u00bbon\u00a0\u00bb global_colors_info=\u00a0\u00bb{}\u00a0\u00bb]<\/p>\n<p>Sur cette page se trouve le calendrier de r\u00e9servation pour <strong>nos minivans AM\u00c9NAG\u00c9ES <\/strong>et\u00a0nos <strong>VUS Pr\u00eat-\u00e0-camper<\/strong>.<\/p>\n<p>Pour r\u00e9server une voiture 7 places <strong>sans<\/strong> am\u00e9nagement pour le camping, clique sur le bouton ci-dessous pour te rendre sur Turo<\/p>\n<p>[\/et_pb_cta][et_pb_text _builder_version=\u00a0\u00bb4.27.5&Prime; _module_preset=\u00a0\u00bbdefault\u00a0\u00bb text_font=\u00a0\u00bb||||||||\u00a0\u00bb text_font_size=\u00a0\u00bb20px\u00a0\u00bb text_line_height=\u00a0\u00bb1.8em\u00a0\u00bb custom_padding=\u00a0\u00bb0vw|0vw|0vw|0vw|false|false\u00a0\u00bb custom_padding_tablet=\u00a0\u00bb\u00a0\u00bb custom_padding_phone=\u00a0\u00bb\u00a0\u00bb custom_padding_last_edited=\u00a0\u00bbon|desktop\u00a0\u00bb use_background_color_gradient_tablet=\u00a0\u00bboff\u00a0\u00bb global_colors_info=\u00a0\u00bb{}\u00a0\u00bb]<\/p>\n<div class=\"wpb_text_column wpb_content_element \">\n<div class=\"wpb_wrapper\">\n<p style=\"text-align: center;\"><span>Tu es \u00e0 1 clic de l&rsquo;aventure Baroudeur ! Contacte-nous au <\/span><a target=\"_blank\" class=\"c-link\" data-stringify-link=\"tel:+15144631654\" delay=\"150\" data-sk=\"tooltip_parent\" href=\"tel:+15144631654\" rel=\"noopener noreferrer\">+1 (514) 463.1654<\/a><span>, par courriel \u00e0\u00a0<\/span><a target=\"_blank\" class=\"c-link\" data-stringify-link=\"mailto:info@lebaroudeur.ca\" delay=\"150\" data-sk=\"tooltip_parent\" aria-haspopup=\"menu\" href=\"mailto:info@lebaroudeur.ca\" rel=\"noopener noreferrer\">info@lebaroudeur.ca<span aria-label=\"(s\u2019ouvre dans un nouvel onglet)\" data-qa=\"opens-in-new-tab\"><\/span><\/a><span> ou encore via notre clavardage en direct ! <\/span><span>Tu peux aussi r\u00e9server directement en ligne ou remplir un formulaire pour recevoir un devis personnalis\u00e9.<\/span><\/p>\n<\/div>\n<\/div>\n<div class=\"toggles \" data-style=\"minimal\">\n<div class=\"toggle extra-color-3\" data-inner-wrap=\"true\">\n<h3><\/h3>\n<\/div>\n<\/div>\n<p>[\/et_pb_text][et_pb_button button_url=\u00a0\u00bbhttps:\/\/share.hsforms.com\/1pmRRGbu1RWqkf-qA809wlQ4gvci?utm_medium=email&#038;_hsmi=2&#038;_hsenc=p2ANqtz-9geDakuXJ2xo61iHLgADeuYaxo9NpIkWYwrq46LoWmm0mSa2w8iTcVW5p9VFxWVX7qI8szVYYys-29xu0e6mfxy60NUQ&#038;utm_content=2&#038;utm_source=hs_email\u00a0\u00bb url_new_window=\u00a0\u00bbon\u00a0\u00bb button_text=\u00a0\u00bbDemander un devis personnalis\u00e9\u00a0\u00bb button_alignment=\u00a0\u00bbcenter\u00a0\u00bb disabled_on=\u00a0\u00bbon|on|on\u00a0\u00bb _builder_version=\u00a0\u00bb4.21.0&Prime; _module_preset=\u00a0\u00bbdefault\u00a0\u00bb custom_button=\u00a0\u00bbon\u00a0\u00bb button_text_size=\u00a0\u00bb25px\u00a0\u00bb button_font=\u00a0\u00bb||||||||\u00a0\u00bb custom_margin=\u00a0\u00bb||1vw||false|false\u00a0\u00bb custom_css_main_element=\u00a0\u00bbdisplay : block !important;\u00a0\u00bb disabled=\u00a0\u00bbon\u00a0\u00bb global_colors_info=\u00a0\u00bb{}\u00a0\u00bb][\/et_pb_button][\/et_pb_column][\/et_pb_row][et_pb_row column_structure=\u00a0\u00bb1_2,1_2&Prime; disabled_on=\u00a0\u00bboff|off|off\u00a0\u00bb _builder_version=\u00a0\u00bb4.27.5&Prime; _module_preset=\u00a0\u00bbdefault\u00a0\u00bb global_colors_info=\u00a0\u00bb{}\u00a0\u00bb][et_pb_column type=\u00a0\u00bb1_2&Prime; _builder_version=\u00a0\u00bb4.27.5&Prime; _module_preset=\u00a0\u00bbdefault\u00a0\u00bb global_colors_info=\u00a0\u00bb{}\u00a0\u00bb][et_pb_button button_url=\u00a0\u00bbhttps:\/\/share.hsforms.com\/1pmRRGbu1RWqkf-qA809wlQ4gvci?utm_medium=email&#038;_hsmi=2&#038;_hsenc=p2ANqtz-9geDakuXJ2xo61iHLgADeuYaxo9NpIkWYwrq46LoWmm0mSa2w8iTcVW5p9VFxWVX7qI8szVYYys-29xu0e6mfxy60NUQ&#038;utm_content=2&#038;utm_source=hs_email\u00a0\u00bb url_new_window=\u00a0\u00bbon\u00a0\u00bb button_text=\u00a0\u00bbDemander un devis personnalis\u00e9\u00a0\u00bb button_alignment=\u00a0\u00bbcenter\u00a0\u00bb _builder_version=\u00a0\u00bb4.21.0&Prime; _module_preset=\u00a0\u00bbdefault\u00a0\u00bb custom_button=\u00a0\u00bbon\u00a0\u00bb button_text_size=\u00a0\u00bb25px\u00a0\u00bb button_font=\u00a0\u00bb||||||||\u00a0\u00bb custom_margin=\u00a0\u00bb||1vw||false|false\u00a0\u00bb custom_css_main_element=\u00a0\u00bbdisplay : block !important;\u00a0\u00bb global_colors_info=\u00a0\u00bb{}\u00a0\u00bb][\/et_pb_button][\/et_pb_column][et_pb_column type=\u00a0\u00bb1_2&Prime; _builder_version=\u00a0\u00bb4.27.5&Prime; _module_preset=\u00a0\u00bbdefault\u00a0\u00bb global_colors_info=\u00a0\u00bb{}\u00a0\u00bb][et_pb_button button_url=\u00a0\u00bb#ma-destination\u00a0\u00bb button_text=\u00a0\u00bbJe r\u00e9serve directement en ligne\u00a0\u00bb button_alignment=\u00a0\u00bbcenter\u00a0\u00bb _builder_version=\u00a0\u00bb4.27.5&Prime; _module_preset=\u00a0\u00bbdefault\u00a0\u00bb custom_button=\u00a0\u00bbon\u00a0\u00bb button_text_size=\u00a0\u00bb25px\u00a0\u00bb button_font=\u00a0\u00bb||||||||\u00a0\u00bb custom_margin=\u00a0\u00bb||1vw||false|false\u00a0\u00bb custom_css_main_element=\u00a0\u00bbdisplay : block !important;\u00a0\u00bb global_colors_info=\u00a0\u00bb{}\u00a0\u00bb][\/et_pb_button][\/et_pb_column][\/et_pb_row][et_pb_row _builder_version=\u00a0\u00bb4.27.5&Prime; _module_preset=\u00a0\u00bbdefault\u00a0\u00bb custom_padding=\u00a0\u00bb0px||0px||false|false\u00a0\u00bb global_colors_info=\u00a0\u00bb{}\u00a0\u00bb][et_pb_column type=\u00a0\u00bb4_4&Prime; _builder_version=\u00a0\u00bb4.27.5&Prime; _module_preset=\u00a0\u00bbdefault\u00a0\u00bb global_colors_info=\u00a0\u00bb{}\u00a0\u00bb][et_pb_text _builder_version=\u00a0\u00bb4.27.5&Prime; _module_preset=\u00a0\u00bbdefault\u00a0\u00bb custom_padding=\u00a0\u00bb1.1vw|2vw|1.1vw|2vw|false|false\u00a0\u00bb custom_padding_tablet=\u00a0\u00bb2vw||2vw||false|false\u00a0\u00bb custom_padding_phone=\u00a0\u00bb5vw|20px|5vw|20px|false|false\u00a0\u00bb custom_padding_last_edited=\u00a0\u00bbon|tablet\u00a0\u00bb hover_enabled=\u00a0\u00bb0&Prime; border_width_all=\u00a0\u00bb4px\u00a0\u00bb border_color_all=\u00a0\u00bb#649999&Prime; border_color_right=\u00a0\u00bb#649999&Prime; border_color_bottom=\u00a0\u00bb#649999&Prime; global_colors_info=\u00a0\u00bb{}\u00a0\u00bb sticky_enabled=\u00a0\u00bb0&Prime;]<\/p>\n<h4><strong>T\u2019as envie d\u2019un road-trip \u00e0 la derni\u00e8re minute ?<\/strong><\/h4>\n<p>Profite de <b>-50%<\/b> de rabais sur le tarif quotidien avec le code \u00ab\u00a0<b>HOP50<\/b>\u00a0\u00bb pour un d\u00e9part dans les <b>7 prochains jours<\/b>. Parfait pour les voyageurs<span>\u00b7<\/span>euses qui improvisent ! \ud83d\ude90<\/p>\n<p>[\/et_pb_text][\/et_pb_column][\/et_pb_row][et_pb_row _builder_version=\u00a0\u00bb4.27.5&Prime; _module_preset=\u00a0\u00bbdefault\u00a0\u00bb width=\u00a0\u00bb0%\u00a0\u00bb max_width=\u00a0\u00bb0px\u00a0\u00bb custom_margin=\u00a0\u00bb0px|0px|0px|0px|false|false\u00a0\u00bb custom_padding=\u00a0\u00bb0px|0px|0px|0px|false|false\u00a0\u00bb global_colors_info=\u00a0\u00bb{}\u00a0\u00bb][et_pb_column type=\u00a0\u00bb4_4&Prime; _builder_version=\u00a0\u00bb4.27.5&Prime; _module_preset=\u00a0\u00bbdefault\u00a0\u00bb global_colors_info=\u00a0\u00bb{}\u00a0\u00bb][et_pb_divider show_divider=\u00a0\u00bboff\u00a0\u00bb module_id=\u00a0\u00bbma-destination\u00a0\u00bb _builder_version=\u00a0\u00bb4.27.5&Prime; _module_preset=\u00a0\u00bbdefault\u00a0\u00bb min_height=\u00a0\u00bb0px\u00a0\u00bb custom_padding=\u00a0\u00bb0px||0px||false|false\u00a0\u00bb global_colors_info=\u00a0\u00bb{}\u00a0\u00bb][\/et_pb_divider][\/et_pb_column][\/et_pb_row][et_pb_row _builder_version=\u00a0\u00bb4.18.0&Prime; _module_preset=\u00a0\u00bbdefault\u00a0\u00bb width=\u00a0\u00bb100%\u00a0\u00bb max_width=\u00a0\u00bb95%\u00a0\u00bb global_colors_info=\u00a0\u00bb{}\u00a0\u00bb][et_pb_column type=\u00a0\u00bb4_4&Prime; _builder_version=\u00a0\u00bb4.16&Prime; _module_preset=\u00a0\u00bbdefault\u00a0\u00bb global_colors_info=\u00a0\u00bb{}\u00a0\u00bb][et_pb_code _builder_version=\u00a0\u00bb4.27.5&Prime; _module_preset=\u00a0\u00bbdefault\u00a0\u00bb global_colors_info=\u00a0\u00bb{}\u00a0\u00bb]<wheelbase-store dealer-id=\"\u00bb222829&Prime;\" hide-hero=\"\u00bbtrue\" 0=\"\u00bb\" locale=\"\u00bbfr-ca\" 1=\"\u00bb\" primary-color=\"\" 2=\"&#091;et_pb_line_break_holder&#093;\" 3=\"--&gt;\" store-type=\"\u00bbrv\" 4=\"\u00bb\"><\/wheelbase-store>[\/et_pb_code][et_pb_toggle title=\u00a0\u00bbConditions de r\u00e9servation\u00a0\u00bb open_toggle_text_color=\u00a0\u00bb#2b3234&Prime; open_toggle_background_color=\u00a0\u00bbrgba(0,0,0,0)\u00a0\u00bb closed_toggle_text_color=\u00a0\u00bb#ffffff\u00a0\u00bb closed_toggle_background_color=\u00a0\u00bb#649999&Prime; icon_color=\u00a0\u00bb#ffffff\u00a0\u00bb open_icon_color=\u00a0\u00bb#ffffff\u00a0\u00bb admin_label=\u00a0\u00bbBascule\u00a0\u00bb _builder_version=\u00a0\u00bb4.27.0&Prime; _module_preset=\u00a0\u00bbdefault\u00a0\u00bb title_text_color=\u00a0\u00bb#ffffff\u00a0\u00bb title_level=\u00a0\u00bbh3&Prime; title_font=\u00a0\u00bb|||on|||||\u00a0\u00bb closed_title_font=\u00a0\u00bb|600||on|||||\u00a0\u00bb text_orientation=\u00a0\u00bbcenter\u00a0\u00bb custom_margin=\u00a0\u00bb||0px||false|false\u00a0\u00bb title_font_size_tablet=\u00a0\u00bb22px\u00a0\u00bb title_font_size_phone=\u00a0\u00bb18px\u00a0\u00bb title_font_size_last_edited=\u00a0\u00bbon|tablet\u00a0\u00bb border_width_all=\u00a0\u00bb2px\u00a0\u00bb border_color_all=\u00a0\u00bb#649999&Prime; locked=\u00a0\u00bboff\u00a0\u00bb global_colors_info=\u00a0\u00bb{}\u00a0\u00bb]<\/p>\n<ul>\n<li style=\"text-align: left;\">Minimum 4 jours de location en basse saison; minimum 5 jours de location en haute saison.<\/li>\n<li style=\"text-align: left;\"><span>Les voyages dans l&rsquo;Ouest canadien (Alberta, Manitoba, Saskatchewan, Colombie-Britannique, Yukon, Territoires du Nord-Ouest) et le Mexique sont interdits. Certains \u00e9tats des \u00c9tats-Unis sont autoris\u00e9s, contacte-nous pour en savoir plus !<\/span><\/li>\n<\/ul>\n<p style=\"text-align: left;\"><em>Consulte nos <a href=\"https:\/\/lebaroudeur.ca\/fr_fr\/van-amenagee\/conditions-generales-de-location-van\/\">conditions g\u00e9n\u00e9rales de location<\/a> pour plus de d\u00e9tails.<\/em><\/p>\n<p>[\/et_pb_toggle][\/et_pb_column][\/et_pb_row][\/et_pb_section]<\/p>\n","protected":false},"excerpt":{"rendered":"<p>Calendrier des locations R\u00e9servations Location de van depuis Montr\u00e9al et la ville de Qu\u00e9becSur cette page se trouve le calendrier de r\u00e9servation pour nos minivans AM\u00c9NAG\u00c9ES et\u00a0nos VUS Pr\u00eat-\u00e0-camper. Pour r\u00e9server une voiture 7 places sans am\u00e9nagement pour le camping, clique sur le bouton ci-dessous pour te rendre sur Turo Tu es \u00e0 1 clic [&hellip;]<\/p>\n","protected":false},"author":2,"featured_media":0,"parent":18610,"menu_order":1,"comment_status":"closed","ping_status":"closed","template":"","meta":{"_et_pb_use_builder":"on","_et_pb_old_content":"[vc_row type=\"in_container\" full_screen_row_position=\"middle\" column_margin=\"default\" column_direction=\"default\" column_direction_tablet=\"default\" column_direction_phone=\"default\" scene_position=\"center\" text_color=\"dark\" text_align=\"left\" row_border_radius=\"none\" row_border_radius_applies=\"bg\" overlay_strength=\"0.3\" gradient_direction=\"left_to_right\" shape_divider_position=\"bottom\" bg_image_animation=\"none\"][vc_column column_padding=\"no-extra-padding\" column_padding_tablet=\"inherit\" column_padding_phone=\"inherit\" column_padding_position=\"all\" background_color_opacity=\"1\" background_hover_color_opacity=\"1\" column_shadow=\"none\" column_border_radius=\"none\" column_link_target=\"_self\" gradient_direction=\"left_to_right\" overlay_strength=\"0.3\" width=\"1\/1\" tablet_width_inherit=\"default\" tablet_text_alignment=\"default\" phone_text_alignment=\"default\" column_border_width=\"none\" column_border_style=\"solid\" bg_image_animation=\"none\"][vc_column_text]Tu as h\u00e2te de reprendre la route en 2021? On est l\u00e0 pour t'accompagner!\n\nTu as encore des questions \u00e0 propos de nos van ? Tu pr\u00e9f\u00e8res finalement avoir un devis avant de r\u00e9server ? Ou&nbsp; tu veux b\u00e9n\u00e9ficier des fins conseils de baroudeurs.euses expert.e.s ? Remplis le formulaire ci-dessous pour nous parler de ton projet. Nous te recontacterons au plus vite !\ud83d\udc47[\/vc_column_text][toggles style=\"minimal\"][toggle color=\"Extra-Color-3\" title=\"Demande un devis gratuit et b\u00e9n\u00e9ficie de conseils et suivi personnalis\u00e9\"][vc_raw_html]JTNDc2NyaXB0JTIwY2hhcnNldCUzRCUyMnV0Zi04JTIyJTIwdHlwZSUzRCUyMnRleHQlMkZqYXZhc2NyaXB0JTIyJTIwc3JjJTNEJTIyJTJGJTJGanMuaHNmb3Jtcy5uZXQlMkZmb3JtcyUyRnNoZWxsLmpzJTIyJTNFJTNDJTJGc2NyaXB0JTNFJTBBJTNDc2NyaXB0JTNFJTBBJTIwJTIwaGJzcHQuZm9ybXMuY3JlYXRlJTI4JTdCJTBBJTA5cG9ydGFsSWQlM0ElMjAlMjI3NTA1NTg2JTIyJTJDJTBBJTA5Zm9ybUlkJTNBJTIwJTIyYTY2NDUxMTktYmJiNS00NTZhLWE0N2YtZWE4MGYzNGY3MDk1JTIyJTBBJTdEJTI5JTNCJTBBJTNDJTJGc2NyaXB0JTNF[\/vc_raw_html][vc_column_text][\/vc_column_text][\/toggle][\/toggles][vc_column_text]Tu peux \u00e9galement voir les disponibilit\u00e9s de nos vans et faire d\u00e8s maintenant faire ta demande de r\u00e9servation.[\/vc_column_text][\/vc_column][\/vc_row][vc_row type=\"in_container\" full_screen_row_position=\"middle\" column_margin=\"default\" column_direction=\"default\" column_direction_tablet=\"default\" column_direction_phone=\"default\" scene_position=\"center\" text_color=\"dark\" text_align=\"left\" row_border_radius=\"none\" row_border_radius_applies=\"bg\" overlay_strength=\"0.3\" gradient_direction=\"left_to_right\" shape_divider_position=\"bottom\" bg_image_animation=\"none\"][vc_column column_padding=\"no-extra-padding\" column_padding_tablet=\"inherit\" column_padding_phone=\"inherit\" column_padding_position=\"all\" background_color_opacity=\"1\" background_hover_color_opacity=\"1\" column_shadow=\"none\" column_border_radius=\"none\" column_link_target=\"_self\" gradient_direction=\"left_to_right\" overlay_strength=\"0.3\" width=\"1\/1\" tablet_width_inherit=\"default\" tablet_text_alignment=\"default\" phone_text_alignment=\"default\" column_border_width=\"none\" column_border_style=\"solid\" bg_image_animation=\"none\"][vc_raw_js]JTVCd2hlZWxiYXNlJTIwb3duZXIlM0QyMjI4MjklMjBjb2xvciUzRENFQzE2MyU1RA==[\/vc_raw_js][\/vc_column][\/vc_row]","_et_gb_content_width":"","content-type":"","footnotes":""},"class_list":["post-18658","page","type-page","status-publish","hentry"],"_links":{"self":[{"href":"https:\/\/lebaroudeur.ca\/fr_fr\/wp-json\/wp\/v2\/pages\/18658","targetHints":{"allow":["GET"]}}],"collection":[{"href":"https:\/\/lebaroudeur.ca\/fr_fr\/wp-json\/wp\/v2\/pages"}],"about":[{"href":"https:\/\/lebaroudeur.ca\/fr_fr\/wp-json\/wp\/v2\/types\/page"}],"author":[{"embeddable":true,"href":"https:\/\/lebaroudeur.ca\/fr_fr\/wp-json\/wp\/v2\/users\/2"}],"replies":[{"embeddable":true,"href":"https:\/\/lebaroudeur.ca\/fr_fr\/wp-json\/wp\/v2\/comments?post=18658"}],"version-history":[{"count":0,"href":"https:\/\/lebaroudeur.ca\/fr_fr\/wp-json\/wp\/v2\/pages\/18658\/revisions"}],"up":[{"embeddable":true,"href":"https:\/\/lebaroudeur.ca\/fr_fr\/wp-json\/wp\/v2\/pages\/18610"}],"wp:attachment":[{"href":"https:\/\/lebaroudeur.ca\/fr_fr\/wp-json\/wp\/v2\/media?parent=18658"}],"curies":[{"name":"wp","href":"https:\/\/api.w.org\/{rel}","templated":true}]}}